{"id":6643,"date":"2022-09-28T09:11:36","date_gmt":"2022-09-28T07:11:36","guid":{"rendered":"https:\/\/www.id-graphik.com\/?page_id=6643"},"modified":"2023-07-22T16:40:25","modified_gmt":"2023-07-22T14:40:25","slug":"creation","status":"publish","type":"page","link":"https:\/\/www.id-graphik.com\/en\/creation\/","title":{"rendered":"Cr\u00e9ation"},"content":{"rendered":"\t\t<div data-elementor-type=\"wp-page\" data-elementor-id=\"6643\" class=\"elementor elementor-6643\">\n\t\t\t\t<div class=\"elementor-element elementor-element-9869445 e-flex e-con-boxed wpr-particle-no wpr-jarallax-no wpr-parallax-no wpr-sticky-section-no e-con e-parent\" data-id=\"9869445\" data-element_type=\"container\" data-settings=\"{&quot;tmea_shape_divider_top&quot;:&quot;none&quot;,&quot;tmea_shape_divider_bottom&quot;:&quot;none&quot;}\">\n\t\t\t\t\t<div class=\"e-con-inner\">\n\t\t\n\t\t<div class=\"elementor-element elementor-element-0d56b11 elementor-widget elementor-widget-slider_revolution\" data-id=\"0d56b11\" data-element_type=\"widget\" data-widget_type=\"slider_revolution.default\">\n\t\t\t\t<div class=\"elementor-widget-container\">\n\t\t\t\n\t\t<div class=\"wp-block-themepunch-revslider\">\n\t\t\t<!-- START creation graphique REVOLUTION SLIDER 6.5.14 --><p class=\"rs-p-wp-fix\"><\/p>\n\t\t\t<rs-module-wrap id=\"rev_slider_7_1_wrapper\" data-source=\"gallery\" style=\"visibility:hidden;background:transparent;padding:0;margin:0px auto;margin-top:0;margin-bottom:0;\">\n\t\t\t\t<rs-module id=\"rev_slider_7_1\" style=\"\" data-version=\"6.5.14\">\n\t\t\t\t\t<rs-slides>\n\t\t\t\t\t\t<rs-slide style=\"position: absolute;\" data-key=\"rs-15\" data-title=\"Slide\" data-anim=\"f:slidebased;\" data-in=\"o:1;x:(100%);m:true;col:5;\" data-out=\"a:false;\">\n\t\t\t\t\t\t\t<img fetchpriority=\"high\" decoding=\"async\" src=\"\/\/www.id-graphik.com\/wp-content\/plugins\/revslider\/public\/assets\/assets\/dummy.png\" alt=\"\" title=\"bg-slider1-home11.jpg\" width=\"1920\" height=\"700\" class=\"rev-slidebg tp-rs-img rs-lazyload\" data-lazyload=\"\/\/www.id-graphik.com\/wp-content\/uploads\/revslider\/slider-1\/bg-slider1-home11.jpg\" data-parallax=\"off\" data-no-retina>\n<!--\n\t\t\t\t\t\t\t--><rs-layer\n\t\t\t\t\t\t\t\tid=\"slider-7-slide-15-layer-0\" \n\t\t\t\t\t\t\t\tdata-type=\"text\"\n\t\t\t\t\t\t\t\tdata-color=\"#007d71\"\n\t\t\t\t\t\t\t\tdata-rsp_ch=\"on\"\n\t\t\t\t\t\t\t\tdata-xy=\"x:c;xo:259px,215px,20px,63px;yo:45px,22px,80px,6px;\"\n\t\t\t\t\t\t\t\tdata-text=\"w:normal;s:16;l:24;ls:10px;a:center;\"\n\t\t\t\t\t\t\t\tdata-frame_0=\"y:-50;\"\n\t\t\t\t\t\t\t\tdata-frame_1=\"sp:1000;\"\n\t\t\t\t\t\t\t\tdata-frame_999=\"o:0;st:w;\"\n\t\t\t\t\t\t\t\tstyle=\"z-index:11;font-family:'Inter';\"\n\t\t\t\t\t\t\t>IDENTIT\u00c9 VISUELLE \n\t\t\t\t\t\t\t<\/rs-layer><!--\n\n\t\t\t\t\t\t\t--><rs-layer\n\t\t\t\t\t\t\t\tid=\"slider-7-slide-15-layer-1\" \n\t\t\t\t\t\t\t\tdata-type=\"text\"\n\t\t\t\t\t\t\t\tdata-color=\"#000000\"\n\t\t\t\t\t\t\t\tdata-rsp_ch=\"on\"\n\t\t\t\t\t\t\t\tdata-xy=\"x:c;xo:259px,225px,20px,61px;yo:87px,62px,126px,26px;\"\n\t\t\t\t\t\t\t\tdata-text=\"w:normal;s:64,64,64,30;l:76,76,76,45;fw:700;a:center;\"\n\t\t\t\t\t\t\t\tdata-dim=\"w:644px,644px,644px,292px;\"\n\t\t\t\t\t\t\t\tdata-frame_0=\"x:50;\"\n\t\t\t\t\t\t\t\tdata-frame_1=\"sp:1000;\"\n\t\t\t\t\t\t\t\tdata-frame_999=\"o:0;st:w;\"\n\t\t\t\t\t\t\t\tstyle=\"z-index:12;font-family:'Cormorant Garamond';\"\n\t\t\t\t\t\t\t>Cr\u00e9ation graphique \n\t\t\t\t\t\t\t<\/rs-layer><!--\n\n\t\t\t\t\t\t\t--><rs-layer\n\t\t\t\t\t\t\t\tid=\"slider-7-slide-15-layer-3\" \n\t\t\t\t\t\t\t\tclass=\"rs-noevents rs-pxl-1\"\n\t\t\t\t\t\t\t\tdata-type=\"image\"\n\t\t\t\t\t\t\t\tdata-rsp_ch=\"on\"\n\t\t\t\t\t\t\t\tdata-xy=\"x:r;xo:791px,502px,-89px,81px;yo:16px,-10px,311px,46px;\"\n\t\t\t\t\t\t\t\tdata-text=\"w:normal;\"\n\t\t\t\t\t\t\t\tdata-dim=\"w:273px,342px,416px,243px;h:229px,287px,291px,170px;\"\n\t\t\t\t\t\t\t\tdata-basealign=\"slide\"\n\t\t\t\t\t\t\t\tdata-frame_1=\"st:250;\"\n\t\t\t\t\t\t\t\tdata-frame_999=\"o:0;st:w;\"\n\t\t\t\t\t\t\t\tdata-frame_hover=\"e:back.in;pE:none;\"\n\t\t\t\t\t\t\t\tdata-loop_0=\"x:-10px;\"\n\t\t\t\t\t\t\t\tdata-loop_999=\"x:10px;sp:3000;e:sine.inOut;yym:t;\"\n\t\t\t\t\t\t\t\tstyle=\"z-index:10;\"\n\t\t\t\t\t\t\t><img  alt=\"\" class=\"tp-rs-img rs-lazyload lws-optimize-lazyload\" width=\"400\" height=\"336\" data-lazyload=\"\/\/www.id-graphik.com\/wp-content\/uploads\/2022\/10\/image-1.png\" data-no-retina data-src=\"\/\/www.id-graphik.com\/wp-content\/plugins\/revslider\/public\/assets\/assets\/dummy.png\"> \n\t\t\t\t\t\t\t<\/rs-layer><!--\n\n\t\t\t\t\t\t\t--><rs-layer\n\t\t\t\t\t\t\t\tid=\"slider-7-slide-15-layer-8\" \n\t\t\t\t\t\t\t\tdata-type=\"text\"\n\t\t\t\t\t\t\t\tdata-color=\"#555555\"\n\t\t\t\t\t\t\t\tdata-rsp_ch=\"on\"\n\t\t\t\t\t\t\t\tdata-xy=\"x:c;xo:259px,220px,0,64px;y:m;yo:83px,52px,296px,-1px;\"\n\t\t\t\t\t\t\t\tdata-text=\"w:normal;s:18,18,18,12;l:36,36,36,23;a:center;\"\n\t\t\t\t\t\t\t\tdata-dim=\"w:397px,397px,397px,310px;\"\n\t\t\t\t\t\t\t\tdata-frame_0=\"x:0,0,0,0px;y:0,0,0,0px;rY:360deg;\"\n\t\t\t\t\t\t\t\tdata-frame_1=\"x:0,0,0,0px;y:0,0,0,0px;e:back.out;sp:500;\"\n\t\t\t\t\t\t\t\tdata-frame_999=\"o:0;st:w;\"\n\t\t\t\t\t\t\t\tstyle=\"z-index:14;font-family:'Inter';\"\n\t\t\t\t\t\t\t>Cr\u00e9ation sur mesure de flyers, cartes de visite, d\u00e9pliant, catalogue, affiche, kak\u00e9mono etc... \n\t\t\t\t\t\t\t<\/rs-layer><!--\n\n\t\t\t\t\t\t\t--><rs-layer\n\t\t\t\t\t\t\t\tid=\"slider-7-slide-15-layer-9\" \n\t\t\t\t\t\t\t\tclass=\"rs-noevents rs-pxl-1\"\n\t\t\t\t\t\t\t\tdata-type=\"image\"\n\t\t\t\t\t\t\t\tdata-rsp_ch=\"on\"\n\t\t\t\t\t\t\t\tdata-xy=\"xo:95px,49px,-152px,1px;yo:-3px,-5px,176px,3px;\"\n\t\t\t\t\t\t\t\tdata-text=\"w:normal;\"\n\t\t\t\t\t\t\t\tdata-dim=\"w:286px,302px,385px,164px;h:286px,302px,470px,164px;\"\n\t\t\t\t\t\t\t\tdata-basealign=\"slide\"\n\t\t\t\t\t\t\t\tdata-frame_1=\"st:250;\"\n\t\t\t\t\t\t\t\tdata-frame_999=\"o:0;st:w;\"\n\t\t\t\t\t\t\t\tdata-frame_hover=\"e:back.in;pE:none;\"\n\t\t\t\t\t\t\t\tdata-loop_0=\"x:-10px;\"\n\t\t\t\t\t\t\t\tdata-loop_999=\"x:10px;sp:3000;e:sine.inOut;yym:t;\"\n\t\t\t\t\t\t\t\tstyle=\"z-index:8;\"\n\t\t\t\t\t\t\t><img  alt=\"\" class=\"tp-rs-img rs-lazyload lws-optimize-lazyload\" width=\"500\" height=\"500\" data-lazyload=\"\/\/www.id-graphik.com\/wp-content\/uploads\/2022\/10\/ECRAN.png\" data-no-retina data-src=\"\/\/www.id-graphik.com\/wp-content\/plugins\/revslider\/public\/assets\/assets\/dummy.png\"> \n\t\t\t\t\t\t\t<\/rs-layer><!--\n-->\t\t\t\t\t\t<\/rs-slide>\n\t\t\t\t\t<\/rs-slides>\n\t\t\t\t<\/rs-module>\n\t\t\t\t<script>\n\t\t\t\t\tsetREVStartSize({c: 'rev_slider_7_1',rl:[1240,1024,778,480],el:[300,300,250,200],gw:[1356,1024,778,480],gh:[300,300,250,200],type:'standard',justify:'',layout:'fullwidth',mh:\"0\"});if (window.RS_MODULES!==undefined && window.RS_MODULES.modules!==undefined && window.RS_MODULES.modules[\"revslider71\"]!==undefined) {window.RS_MODULES.modules[\"revslider71\"].once = false;window.revapi7 = undefined;if (window.RS_MODULES.checkMinimal!==undefined) window.RS_MODULES.checkMinimal()}\n\t\t\t\t<\/script>\n\t\t\t<\/rs-module-wrap>\n\t\t\t<!-- END REVOLUTION SLIDER -->\n<\/div>\n\n\t\t\t\t<\/div>\n\t\t\t\t<\/div>\n\t\t\t\t\t<\/div>\n\t\t\t\t<\/div>\n\t\t<div class=\"elementor-element elementor-element-0e82839 e-flex e-con-boxed wpr-particle-no wpr-jarallax-no wpr-parallax-no wpr-sticky-section-no e-con e-parent\" data-id=\"0e82839\" data-element_type=\"container\" data-settings=\"{&quot;tmea_shape_divider_top&quot;:&quot;none&quot;,&quot;tmea_shape_divider_bottom&quot;:&quot;none&quot;}\">\n\t\t\t\t\t<div class=\"e-con-inner\">\n\t\t<div class=\"elementor-element elementor-element-c0a1df6 e-con-full e-flex wpr-particle-no wpr-jarallax-no wpr-parallax-no wpr-sticky-section-no e-con e-parent\" data-id=\"c0a1df6\" data-element_type=\"container\" data-settings=\"{&quot;tmea_shape_divider_top&quot;:&quot;none&quot;,&quot;tmea_shape_divider_bottom&quot;:&quot;none&quot;}\">\n\t\t\t\t<div class=\"elementor-element elementor-element-2142b01 animated-slow elementor-invisible elementor-widget elementor-widget-tbay-banner\" data-id=\"2142b01\" data-element_type=\"widget\" data-settings=\"{&quot;_animation&quot;:&quot;slideInUp&quot;,&quot;_animation_delay&quot;:400}\" data-widget_type=\"tbay-banner.default\">\n\t\t\t\t<div class=\"elementor-widget-container\">\n\t\t\t<div class=\"tbay-element tbay-element-banner cursor-pointer\" onclick=\"window.location.href=&#039;https:\/\/www.id-graphik.com\/categorie-produit\/print-1\/logo\/&#039;\">\r\n                <div class=\"main-wrapp-img\">\r\n                <div class=\"banner-image\">\r\n                    <img loading=\"lazy\" width=\"475\" height=\"200\"  class=\"attachment-full size-full wp-image-7344 no-lazy lws-optimize-lazyload\" alt=\"\" \/ data-src=\"https:\/\/www.id-graphik.com\/wp-content\/uploads\/2022\/12\/LOGO-200X200.jpg\"> \r\n                <\/div>\r\n            <\/div>\r\n                        <div class=\"wrapper-content-banner\">\r\n                <div class=\"content-banner\">\r\n                    \r\n                                        \r\n                    \r\n                <\/div>\r\n            <\/div>\r\n        <\/div>\t\t<\/div>\n\t\t\t\t<\/div>\n\t\t\t\t<\/div>\n\t\t<div class=\"elementor-element elementor-element-b5174ef e-con-full e-flex wpr-particle-no wpr-jarallax-no wpr-parallax-no wpr-sticky-section-no e-con e-parent\" data-id=\"b5174ef\" data-element_type=\"container\" data-settings=\"{&quot;tmea_shape_divider_top&quot;:&quot;none&quot;,&quot;tmea_shape_divider_bottom&quot;:&quot;none&quot;}\">\n\t\t\t\t<div class=\"elementor-element elementor-element-f1d850e animated-slow elementor-invisible elementor-widget elementor-widget-tbay-banner\" data-id=\"f1d850e\" data-element_type=\"widget\" data-settings=\"{&quot;_animation&quot;:&quot;slideInUp&quot;,&quot;_animation_delay&quot;:800}\" data-widget_type=\"tbay-banner.default\">\n\t\t\t\t<div class=\"elementor-widget-container\">\n\t\t\t<div class=\"tbay-element tbay-element-banner cursor-pointer\" onclick=\"window.location.href=&#039;https:\/\/www.id-graphik.com\/produit\/cartes-de-visite\/&#039;\">\r\n                <div class=\"main-wrapp-img\">\r\n                <div class=\"banner-image\">\r\n                    <img loading=\"lazy\" width=\"475\" height=\"200\"  class=\"attachment-full size-full wp-image-7371 no-lazy lws-optimize-lazyload\" alt=\"\" \/ data-src=\"https:\/\/www.id-graphik.com\/wp-content\/uploads\/2022\/12\/carte-de-visite-200X200.jpg\"> \r\n                <\/div>\r\n            <\/div>\r\n                        <div class=\"wrapper-content-banner\">\r\n                <div class=\"content-banner\">\r\n                    \r\n                                        \r\n                    \r\n                <\/div>\r\n            <\/div>\r\n        <\/div>\t\t<\/div>\n\t\t\t\t<\/div>\n\t\t\t\t<\/div>\n\t\t<div class=\"elementor-element elementor-element-153bc8c e-con-full e-flex wpr-particle-no wpr-jarallax-no wpr-parallax-no wpr-sticky-section-no e-con e-parent\" data-id=\"153bc8c\" data-element_type=\"container\" data-settings=\"{&quot;tmea_shape_divider_top&quot;:&quot;none&quot;,&quot;tmea_shape_divider_bottom&quot;:&quot;none&quot;}\">\n\t\t\t\t<div class=\"elementor-element elementor-element-a58b33d animated-slow elementor-invisible elementor-widget elementor-widget-tbay-banner\" data-id=\"a58b33d\" data-element_type=\"widget\" data-settings=\"{&quot;_animation&quot;:&quot;slideInUp&quot;,&quot;_animation_delay&quot;:1000}\" data-widget_type=\"tbay-banner.default\">\n\t\t\t\t<div class=\"elementor-widget-container\">\n\t\t\t<div class=\"tbay-element tbay-element-banner cursor-pointer\" onclick=\"window.location.href=&#039;https:\/\/www.id-graphik.com\/produit\/flyers\/&#039;\">\r\n                <div class=\"main-wrapp-img\">\r\n                <div class=\"banner-image\">\r\n                    <img loading=\"lazy\" width=\"475\" height=\"200\"  class=\"attachment-full size-full wp-image-7353 no-lazy lws-optimize-lazyload\" alt=\"\" \/ data-src=\"https:\/\/www.id-graphik.com\/wp-content\/uploads\/2022\/12\/flyers-200X200-1.jpg\"> \r\n                <\/div>\r\n            <\/div>\r\n                        <div class=\"wrapper-content-banner\">\r\n                <div class=\"content-banner\">\r\n                    \r\n                                        \r\n                    \r\n                <\/div>\r\n            <\/div>\r\n        <\/div>\t\t<\/div>\n\t\t\t\t<\/div>\n\t\t\t\t<\/div>\n\t\t<div class=\"elementor-element elementor-element-f004f0a e-con-full e-flex wpr-particle-no wpr-jarallax-no wpr-parallax-no wpr-sticky-section-no e-con e-parent\" data-id=\"f004f0a\" data-element_type=\"container\" data-settings=\"{&quot;tmea_shape_divider_top&quot;:&quot;none&quot;,&quot;tmea_shape_divider_bottom&quot;:&quot;none&quot;}\">\n\t\t\t\t<div class=\"elementor-element elementor-element-0bf324c animated-slow elementor-invisible elementor-widget elementor-widget-tbay-banner\" data-id=\"0bf324c\" data-element_type=\"widget\" data-settings=\"{&quot;_animation&quot;:&quot;slideInUp&quot;,&quot;_animation_delay&quot;:1000}\" data-widget_type=\"tbay-banner.default\">\n\t\t\t\t<div class=\"elementor-widget-container\">\n\t\t\t<div class=\"tbay-element tbay-element-banner cursor-pointer\" onclick=\"window.location.href=&#039;https:\/\/www.id-graphik.com\/produit\/affiches\/&#039;\">\r\n                <div class=\"main-wrapp-img\">\r\n                <div class=\"banner-image\">\r\n                    <img loading=\"lazy\" width=\"475\" height=\"200\"  class=\"attachment-full size-full wp-image-7355 no-lazy lws-optimize-lazyload\" alt=\"\" \/ data-src=\"https:\/\/www.id-graphik.com\/wp-content\/uploads\/2022\/12\/affiche-200X200.jpg\"> \r\n                <\/div>\r\n            <\/div>\r\n                        <div class=\"wrapper-content-banner\">\r\n                <div class=\"content-banner\">\r\n                    \r\n                                        \r\n                    \r\n                <\/div>\r\n            <\/div>\r\n        <\/div>\t\t<\/div>\n\t\t\t\t<\/div>\n\t\t\t\t<\/div>\n\t\t\t\t\t<\/div>\n\t\t\t\t<\/div>\n\t\t<div class=\"elementor-element elementor-element-a23f230 e-flex e-con-boxed wpr-particle-no wpr-jarallax-no wpr-parallax-no wpr-sticky-section-no e-con e-parent\" data-id=\"a23f230\" data-element_type=\"container\" data-settings=\"{&quot;tmea_shape_divider_top&quot;:&quot;none&quot;,&quot;tmea_shape_divider_bottom&quot;:&quot;none&quot;}\">\n\t\t\t\t\t<div class=\"e-con-inner\">\n\t\t<div class=\"elementor-element elementor-element-efd59b3 e-con-full e-flex wpr-particle-no wpr-jarallax-no wpr-parallax-no wpr-sticky-section-no e-con e-parent\" data-id=\"efd59b3\" data-element_type=\"container\" data-settings=\"{&quot;tmea_shape_divider_top&quot;:&quot;none&quot;,&quot;tmea_shape_divider_bottom&quot;:&quot;none&quot;}\">\n\t\t\t\t<div class=\"elementor-element elementor-element-20ec46d animated-slow elementor-invisible elementor-widget elementor-widget-tbay-banner\" data-id=\"20ec46d\" data-element_type=\"widget\" data-settings=\"{&quot;_animation&quot;:&quot;slideInUp&quot;,&quot;_animation_delay&quot;:400}\" data-widget_type=\"tbay-banner.default\">\n\t\t\t\t<div class=\"elementor-widget-container\">\n\t\t\t<div class=\"tbay-element tbay-element-banner cursor-pointer\" onclick=\"window.location.href=&#039;https:\/\/www.id-graphik.com\/produit\/plaquette-commerciale\/&#039;\">\r\n                <div class=\"main-wrapp-img\">\r\n                <div class=\"banner-image\">\r\n                    <img loading=\"lazy\" width=\"475\" height=\"200\"  class=\"attachment-full size-full wp-image-7593 no-lazy lws-optimize-lazyload\" alt=\"\" \/ data-src=\"https:\/\/www.id-graphik.com\/wp-content\/uploads\/2023\/01\/depliants-200X200.jpg\"> \r\n                <\/div>\r\n            <\/div>\r\n                        <div class=\"wrapper-content-banner\">\r\n                <div class=\"content-banner\">\r\n                    \r\n                                        \r\n                    \r\n                <\/div>\r\n            <\/div>\r\n        <\/div>\t\t<\/div>\n\t\t\t\t<\/div>\n\t\t\t\t<\/div>\n\t\t<div class=\"elementor-element elementor-element-c6cabc1 e-con-full e-flex wpr-particle-no wpr-jarallax-no wpr-parallax-no wpr-sticky-section-no e-con e-parent\" data-id=\"c6cabc1\" data-element_type=\"container\" data-settings=\"{&quot;tmea_shape_divider_top&quot;:&quot;none&quot;,&quot;tmea_shape_divider_bottom&quot;:&quot;none&quot;}\">\n\t\t\t\t<div class=\"elementor-element elementor-element-ddad900 animated-slow elementor-invisible elementor-widget elementor-widget-tbay-banner\" data-id=\"ddad900\" data-element_type=\"widget\" data-settings=\"{&quot;_animation&quot;:&quot;slideInUp&quot;,&quot;_animation_delay&quot;:400}\" data-widget_type=\"tbay-banner.default\">\n\t\t\t\t<div class=\"elementor-widget-container\">\n\t\t\t<div class=\"tbay-element tbay-element-banner cursor-pointer\" onclick=\"window.location.href=&#039;https:\/\/www.id-graphik.com\/produit\/set-de-table\/&#039;\">\r\n                <div class=\"main-wrapp-img\">\r\n                <div class=\"banner-image\">\r\n                    <img loading=\"lazy\" width=\"475\" height=\"200\"  class=\"attachment-full size-full wp-image-7709 no-lazy lws-optimize-lazyload\" alt=\"\" \/ data-src=\"https:\/\/www.id-graphik.com\/wp-content\/uploads\/2023\/03\/SET-DE-TABLE-200X200.jpg\"> \r\n                <\/div>\r\n            <\/div>\r\n                        <div class=\"wrapper-content-banner\">\r\n                <div class=\"content-banner\">\r\n                    \r\n                                        \r\n                    \r\n                <\/div>\r\n            <\/div>\r\n        <\/div>\t\t<\/div>\n\t\t\t\t<\/div>\n\t\t\t\t<\/div>\n\t\t<div class=\"elementor-element elementor-element-1473048 e-con-full e-flex wpr-particle-no wpr-jarallax-no wpr-parallax-no wpr-sticky-section-no e-con e-parent\" data-id=\"1473048\" data-element_type=\"container\" data-settings=\"{&quot;tmea_shape_divider_top&quot;:&quot;none&quot;,&quot;tmea_shape_divider_bottom&quot;:&quot;none&quot;}\">\n\t\t\t\t<\/div>\n\t\t<div class=\"elementor-element elementor-element-6542e2f e-con-full e-flex wpr-particle-no wpr-jarallax-no wpr-parallax-no wpr-sticky-section-no e-con e-parent\" data-id=\"6542e2f\" data-element_type=\"container\" data-settings=\"{&quot;tmea_shape_divider_top&quot;:&quot;none&quot;,&quot;tmea_shape_divider_bottom&quot;:&quot;none&quot;}\">\n\t\t\t\t<\/div>\n\t\t\t\t\t<\/div>\n\t\t\t\t<\/div>\n\t\t\t\t<\/div>\n\t\t","protected":false},"excerpt":{"rendered":"","protected":false},"author":1,"featured_media":0,"parent":0,"menu_order":0,"comment_status":"closed","ping_status":"closed","template":"redux-templates_full_width","meta":{"footnotes":""},"aioseo_notices":[],"_links":{"self":[{"href":"https:\/\/www.id-graphik.com\/en\/wp-json\/wp\/v2\/pages\/6643"}],"collection":[{"href":"https:\/\/www.id-graphik.com\/en\/wp-json\/wp\/v2\/pages"}],"about":[{"href":"https:\/\/www.id-graphik.com\/en\/wp-json\/wp\/v2\/types\/page"}],"author":[{"embeddable":true,"href":"https:\/\/www.id-graphik.com\/en\/wp-json\/wp\/v2\/users\/1"}],"replies":[{"embeddable":true,"href":"https:\/\/www.id-graphik.com\/en\/wp-json\/wp\/v2\/comments?post=6643"}],"version-history":[{"count":0,"href":"https:\/\/www.id-graphik.com\/en\/wp-json\/wp\/v2\/pages\/6643\/revisions"}],"wp:attachment":[{"href":"https:\/\/www.id-graphik.com\/en\/wp-json\/wp\/v2\/media?parent=6643"}],"curies":[{"name":"wp","href":"https:\/\/api.w.org\/{rel}","templated":true}]}}