{"id":6645,"date":"2022-09-28T09:12:17","date_gmt":"2022-09-28T07:12:17","guid":{"rendered":"https:\/\/www.id-graphik.com\/?page_id=6645"},"modified":"2024-03-27T12:00:12","modified_gmt":"2024-03-27T11:00:12","slug":"creation-de-site","status":"publish","type":"page","link":"https:\/\/www.id-graphik.com\/en\/creation-de-site\/","title":{"rendered":"Cr\u00e9ation de site"},"content":{"rendered":"\t\t<div data-elementor-type=\"wp-page\" data-elementor-id=\"6645\" class=\"elementor elementor-6645\">\n\t\t\t\t<div class=\"elementor-element elementor-element-42dca44 e-flex e-con-boxed wpr-particle-no wpr-jarallax-no wpr-parallax-no wpr-sticky-section-no e-con e-parent\" data-id=\"42dca44\" data-element_type=\"container\" data-settings=\"{&quot;tmea_shape_divider_top&quot;:&quot;none&quot;,&quot;tmea_shape_divider_bottom&quot;:&quot;none&quot;}\">\n\t\t\t\t\t<div class=\"e-con-inner\">\n\t\t\n\t\t<div class=\"elementor-element elementor-element-debc8b7 elementor-widget elementor-widget-slider_revolution\" data-id=\"debc8b7\" data-element_type=\"widget\" data-widget_type=\"slider_revolution.default\">\n\t\t\t\t<div class=\"elementor-widget-container\">\n\t\t\t\n\t\t<div class=\"wp-block-themepunch-revslider\">\n\t\t\t<!-- START site internet REVOLUTION SLIDER 6.5.14 --><p class=\"rs-p-wp-fix\"><\/p>\n\t\t\t<rs-module-wrap id=\"rev_slider_8_1_wrapper\" data-source=\"gallery\" style=\"visibility:hidden;background:transparent;padding:0;margin:0px auto;margin-top:0;margin-bottom:0;\">\n\t\t\t\t<rs-module id=\"rev_slider_8_1\" style=\"\" data-version=\"6.5.14\">\n\t\t\t\t\t<rs-slides>\n\t\t\t\t\t\t<rs-slide style=\"position: absolute;\" data-key=\"rs-19\" data-title=\"Slide\" data-in=\"o:1;y:(-100%);col:5;\">\n\t\t\t\t\t\t\t<img decoding=\"async\" src=\"\/\/www.id-graphik.com\/wp-content\/plugins\/revslider\/public\/assets\/assets\/dummy.png\" alt=\"Slide\" class=\"rev-slidebg tp-rs-img rs-lazyload\" data-lazyload=\"\/\/www.id-graphik.com\/wp-content\/plugins\/revslider\/public\/assets\/assets\/transparent.png\" data-bg=\"c:#faf2e5;\" data-parallax=\"off\" data-no-retina>\n<!--\n\t\t\t\t\t\t\t--><rs-layer\n\t\t\t\t\t\t\t\tid=\"slider-8-slide-19-layer-1\" \n\t\t\t\t\t\t\t\tdata-type=\"text\"\n\t\t\t\t\t\t\t\tdata-color=\"#000000\"\n\t\t\t\t\t\t\t\tdata-rsp_ch=\"on\"\n\t\t\t\t\t\t\t\tdata-xy=\"xo:95px,21px,-15px,0;yo:12px,12px,13px,9px;\"\n\t\t\t\t\t\t\t\tdata-text=\"w:normal;s:54,54,45,29;l:77,77,64,45;fw:700;a:center;\"\n\t\t\t\t\t\t\t\tdata-dim=\"w:780px,780px,647px,478px;\"\n\t\t\t\t\t\t\t\tdata-frame_0=\"x:0,0,0px,0px;y:0,0,0px,0px;o:1;\"\n\t\t\t\t\t\t\t\tdata-frame_0_chars=\"d:5;x:105%;y:0,0,0px,0px;o:1;rY:45deg;rZ:90deg;\"\n\t\t\t\t\t\t\t\tdata-frame_0_mask=\"u:t;x:0,0,0px,0px;y:0,0,0px,0px;\"\n\t\t\t\t\t\t\t\tdata-frame_1=\"x:0,0,0px,0px;y:0,0,0px,0px;sp:1200;\"\n\t\t\t\t\t\t\t\tdata-frame_1_chars=\"e:power4.inOut;d:10;x:0,0,0px,0px;y:0,0,0px,0px;rZ:0deg;\"\n\t\t\t\t\t\t\t\tdata-frame_1_mask=\"u:t;x:0,0,0px,0px;y:0,0,0px,0px;\"\n\t\t\t\t\t\t\t\tdata-frame_999=\"o:0;st:w;sR:5200;\"\n\t\t\t\t\t\t\t\tstyle=\"z-index:10;font-family:'Cormorant Garamond';\"\n\t\t\t\t\t\t\t>Site vitrine, Site e-commerce \n\t\t\t\t\t\t\t<\/rs-layer><!--\n\n\t\t\t\t\t\t\t--><rs-layer\n\t\t\t\t\t\t\t\tid=\"slider-8-slide-19-layer-3\" \n\t\t\t\t\t\t\t\tclass=\"rs-noevents rs-pxl-1\"\n\t\t\t\t\t\t\t\tdata-type=\"image\"\n\t\t\t\t\t\t\t\tdata-rsp_ch=\"on\"\n\t\t\t\t\t\t\t\tdata-xy=\"x:r;xo:141px,-8px,0,13px;y:m;yo:5px,3px,2px,29px;\"\n\t\t\t\t\t\t\t\tdata-text=\"w:normal;\"\n\t\t\t\t\t\t\t\tdata-dim=\"w:273px,273px,252px,198px;h:229px,229px,212px,166px;\"\n\t\t\t\t\t\t\t\tdata-frame_1=\"st:250;sR:250;\"\n\t\t\t\t\t\t\t\tdata-frame_999=\"o:0;st:w;sR:8450;\"\n\t\t\t\t\t\t\t\tdata-frame_hover=\"e:back.in;pE:none;\"\n\t\t\t\t\t\t\t\tdata-loop_0=\"x:-10px;\"\n\t\t\t\t\t\t\t\tdata-loop_999=\"x:10px;sp:3000;e:sine.inOut;yym:t;\"\n\t\t\t\t\t\t\t\tstyle=\"z-index:11;\"\n\t\t\t\t\t\t\t><img fetchpriority=\"high\"  alt=\"\" class=\"tp-rs-img rs-lazyload lws-optimize-lazyload\" width=\"400\" height=\"336\" data-lazyload=\"\/\/www.id-graphik.com\/wp-content\/uploads\/2022\/12\/ECRAN-2.png\" data-no-retina data-src=\"\/\/www.id-graphik.com\/wp-content\/plugins\/revslider\/public\/assets\/assets\/dummy.png\"> \n\t\t\t\t\t\t\t<\/rs-layer><!--\n\n\t\t\t\t\t\t\t--><rs-layer\n\t\t\t\t\t\t\t\tid=\"slider-8-slide-19-layer-12\" \n\t\t\t\t\t\t\t\tdata-type=\"text\"\n\t\t\t\t\t\t\t\tdata-color=\"#0c0c0c\"\n\t\t\t\t\t\t\t\tdata-rsp_ch=\"on\"\n\t\t\t\t\t\t\t\tdata-xy=\"xo:193px,120px,75px,74px;yo:102px,98px,93px,83px;\"\n\t\t\t\t\t\t\t\tdata-text=\"w:normal;s:20,20,16,16;l:25,25,20,20;\"\n\t\t\t\t\t\t\t\tdata-dim=\"w:auto,auto,auto,193px;\"\n\t\t\t\t\t\t\t\tdata-frame_0=\"x:0,0,0px,0px;y:0,0,0px,0px;\"\n\t\t\t\t\t\t\t\tdata-frame_1=\"x:0,0,0px,0px;y:0,0,0px,0px;st:3990;sR:3990;\"\n\t\t\t\t\t\t\t\tdata-frame_999=\"o:0;st:w;sR:4710;\"\n\t\t\t\t\t\t\t\tstyle=\"z-index:12;font-family:'Roboto';\"\n\t\t\t\t\t\t\t>D\u00e9couvrez nos solutions de cr\u00e9ation de site vitrine et e-commerce \n\t\t\t\t\t\t\t<\/rs-layer><!--\n-->\t\t\t\t\t\t<\/rs-slide>\n\t\t\t\t\t<\/rs-slides>\n\t\t\t\t<\/rs-module>\n\t\t\t\t<script>\n\t\t\t\t\tsetREVStartSize({c: 'rev_slider_8_1',rl:[1240,1024,778,480],el:[200,200,200,200],gw:[1356,1024,778,480],gh:[200,200,200,200],type:'standard',justify:'',layout:'fullwidth',mh:\"0\"});if (window.RS_MODULES!==undefined && window.RS_MODULES.modules!==undefined && window.RS_MODULES.modules[\"revslider81\"]!==undefined) {window.RS_MODULES.modules[\"revslider81\"].once = false;window.revapi8 = undefined;if (window.RS_MODULES.checkMinimal!==undefined) window.RS_MODULES.checkMinimal()}\n\t\t\t\t<\/script>\n\t\t\t<\/rs-module-wrap>\n\t\t\t<!-- END REVOLUTION SLIDER -->\n<\/div>\n\n\t\t\t\t<\/div>\n\t\t\t\t<\/div>\n\t\t\t\t\t<\/div>\n\t\t\t\t<\/div>\n\t\t\t\t<section class=\"elementor-section elementor-top-section elementor-element elementor-element-373e3bf elementor-section-stretched elementor-section-boxed elementor-section-height-default elementor-section-height-default wpr-particle-no wpr-jarallax-no wpr-parallax-no wpr-sticky-section-no elementor-invisible\" data-id=\"373e3bf\" data-element_type=\"section\" data-settings=\"{&quot;stretch_section&quot;:&quot;section-stretched&quot;,&quot;animation&quot;:&quot;fadeInUp&quot;,&quot;tmea_shape_divider_top&quot;:&quot;none&quot;,&quot;tmea_shape_divider_bottom&quot;:&quot;none&quot;}\">\n\t\t\t\t\t\t<div class=\"elementor-container elementor-column-gap-narrow\">\n\t\t\t\t\t<div class=\"elementor-column elementor-col-50 elementor-top-column elementor-element elementor-element-971daee elementor-invisible\" data-id=\"971daee\" data-element_type=\"column\" data-settings=\"{&quot;animation&quot;:&quot;fadeInLeft&quot;}\">\n\t\t\t<div class=\"elementor-widget-wrap elementor-element-populated\">\n\t\t\t\t\t\t<div class=\"elementor-element elementor-element-484a1fd e-transform elementor-widget elementor-widget-tbay-banner\" data-id=\"484a1fd\" data-element_type=\"widget\" data-settings=\"{&quot;_transform_translateX_effect&quot;:{&quot;unit&quot;:&quot;px&quot;,&quot;size&quot;:&quot;&quot;,&quot;sizes&quot;:[]},&quot;_transform_translateX_effect_tablet&quot;:{&quot;unit&quot;:&quot;px&quot;,&quot;size&quot;:&quot;&quot;,&quot;sizes&quot;:[]},&quot;_transform_translateX_effect_mobile&quot;:{&quot;unit&quot;:&quot;px&quot;,&quot;size&quot;:&quot;&quot;,&quot;sizes&quot;:[]},&quot;_transform_translateY_effect&quot;:{&quot;unit&quot;:&quot;px&quot;,&quot;size&quot;:&quot;&quot;,&quot;sizes&quot;:[]},&quot;_transform_translateY_effect_tablet&quot;:{&quot;unit&quot;:&quot;px&quot;,&quot;size&quot;:&quot;&quot;,&quot;sizes&quot;:[]},&quot;_transform_translateY_effect_mobile&quot;:{&quot;unit&quot;:&quot;px&quot;,&quot;size&quot;:&quot;&quot;,&quot;sizes&quot;:[]}}\" data-widget_type=\"tbay-banner.default\">\n\t\t\t\t<div class=\"elementor-widget-container\">\n\t\t\t<div class=\"tbay-element tbay-element-banner cursor-pointer\" onclick=\"window.location.href=&#039;https:\/\/www.id-graphik.com\/categorie-produit\/site-vitrine\/&#039;\">\r\n                <div class=\"main-wrapp-img\">\r\n                <div class=\"banner-image\">\r\n                    <img width=\"642\" height=\"339\"  class=\"attachment-full size-full wp-image-7142 no-lazy lws-optimize-lazyload\" alt=\"banner site vitrine\" \/ data-src=\"https:\/\/www.id-graphik.com\/wp-content\/uploads\/2022\/12\/banner-site-vitrine.jpg\"> \r\n                <\/div>\r\n            <\/div>\r\n                        <div class=\"wrapper-content-banner\">\r\n                <div class=\"content-banner\">\r\n                                                <h3 class=\"banner-tbay-title\">\r\n                                                                    <span class=\"title\">Site vitrine<\/span>\r\n                                \t    \t\r\n                                                                    <span class=\"subtitle\">D\u00e9couvrez nos solutions de cr\u00e9ation de site web vitrine<\/span>\r\n                                                            <\/h3>\r\n                        \r\n                                        \r\n                                            <div class=\"banner-label\"><span>D\u00e9couvrir <i class=\"tb-icon tb-icon-logout\"><\/i><\/span><\/div>                    \r\n                <\/div>\r\n            <\/div>\r\n        <\/div>\t\t<\/div>\n\t\t\t\t<\/div>\n\t\t\t\t\t<\/div>\n\t\t<\/div>\n\t\t\t\t<div class=\"elementor-column elementor-col-50 elementor-top-column elementor-element elementor-element-f3bda85 elementor-invisible\" data-id=\"f3bda85\" data-element_type=\"column\" data-settings=\"{&quot;animation&quot;:&quot;fadeInRight&quot;}\">\n\t\t\t<div class=\"elementor-widget-wrap elementor-element-populated\">\n\t\t\t\t\t\t<div class=\"elementor-element elementor-element-ca38e0e elementor-widget elementor-widget-tbay-banner\" data-id=\"ca38e0e\" data-element_type=\"widget\" data-widget_type=\"tbay-banner.default\">\n\t\t\t\t<div class=\"elementor-widget-container\">\n\t\t\t<div class=\"tbay-element tbay-element-banner cursor-pointer\" onclick=\"window.location.href=&#039;https:\/\/www.id-graphik.com\/produit\/site-e-commerce\/&#039;\">\r\n                <div class=\"main-wrapp-img\">\r\n                <div class=\"banner-image\">\r\n                    <img width=\"642\" height=\"339\"  class=\"attachment-full size-full wp-image-7142 no-lazy lws-optimize-lazyload\" alt=\"banner site vitrine\" \/ data-src=\"https:\/\/www.id-graphik.com\/wp-content\/uploads\/2022\/12\/banner-site-vitrine.jpg\"> \r\n                <\/div>\r\n            <\/div>\r\n                        <div class=\"wrapper-content-banner\">\r\n                <div class=\"content-banner\">\r\n                                                <h3 class=\"banner-tbay-title\">\r\n                                                                    <span class=\"title\">Site e-commerce<\/span>\r\n                                \t    \t\r\n                                                                    <span class=\"subtitle\">D\u00e9couvrez notre solution de cr\u00e9ation de site e-commerce<\/span>\r\n                                                            <\/h3>\r\n                        \r\n                                        \r\n                                            <div class=\"banner-label\"><span>D\u00e9couvrir <i class=\"tb-icon tb-icon-logout\"><\/i><\/span><\/div>                    \r\n                <\/div>\r\n            <\/div>\r\n        <\/div>\t\t<\/div>\n\t\t\t\t<\/div>\n\t\t\t\t\t<\/div>\n\t\t<\/div>\n\t\t\t\t\t<\/div>\n\t\t<\/section>\n\t\t\t\t<\/div>\n\t\t","protected":false},"excerpt":{"rendered":"<p>Site vitrine D\u00e9couvrez nos solutions de cr\u00e9ation de site web vitrine D\u00e9couvrir Site e-commerce D\u00e9couvrez notre solution de cr\u00e9ation de site e-commerce D\u00e9couvrir<\/p>","protected":false},"author":1,"featured_media":0,"parent":0,"menu_order":0,"comment_status":"closed","ping_status":"closed","template":"redux-templates_full_width","meta":{"footnotes":""},"aioseo_notices":[],"_links":{"self":[{"href":"https:\/\/www.id-graphik.com\/en\/wp-json\/wp\/v2\/pages\/6645"}],"collection":[{"href":"https:\/\/www.id-graphik.com\/en\/wp-json\/wp\/v2\/pages"}],"about":[{"href":"https:\/\/www.id-graphik.com\/en\/wp-json\/wp\/v2\/types\/page"}],"author":[{"embeddable":true,"href":"https:\/\/www.id-graphik.com\/en\/wp-json\/wp\/v2\/users\/1"}],"replies":[{"embeddable":true,"href":"https:\/\/www.id-graphik.com\/en\/wp-json\/wp\/v2\/comments?post=6645"}],"version-history":[{"count":0,"href":"https:\/\/www.id-graphik.com\/en\/wp-json\/wp\/v2\/pages\/6645\/revisions"}],"wp:attachment":[{"href":"https:\/\/www.id-graphik.com\/en\/wp-json\/wp\/v2\/media?parent=6645"}],"curies":[{"name":"wp","href":"https:\/\/api.w.org\/{rel}","templated":true}]}}