{"id":7520,"date":"2023-01-19T11:55:12","date_gmt":"2023-01-19T10:55:12","guid":{"rendered":"https:\/\/www.id-graphik.com\/?page_id=7520"},"modified":"2024-09-26T15:55:28","modified_gmt":"2024-09-26T13:55:28","slug":"reseaux-sociaux","status":"publish","type":"page","link":"https:\/\/www.id-graphik.com\/en\/reseaux-sociaux\/","title":{"rendered":"Reseaux sociaux"},"content":{"rendered":"\t\t<div data-elementor-type=\"wp-page\" data-elementor-id=\"7520\" class=\"elementor elementor-7520\">\n\t\t\t\t<div class=\"elementor-element elementor-element-8f6561a e-flex e-con-boxed wpr-particle-no wpr-jarallax-no wpr-parallax-no wpr-sticky-section-no e-con e-parent\" data-id=\"8f6561a\" data-element_type=\"container\" data-settings=\"{&quot;tmea_shape_divider_top&quot;:&quot;none&quot;,&quot;tmea_shape_divider_bottom&quot;:&quot;none&quot;}\">\n\t\t\t\t\t<div class=\"e-con-inner\">\n\t\t\n\t\t<div class=\"elementor-element elementor-element-e038f48 elementor-widget elementor-widget-slider_revolution\" data-id=\"e038f48\" data-element_type=\"widget\" data-widget_type=\"slider_revolution.default\">\n\t\t\t\t<div class=\"elementor-widget-container\">\n\t\t\t\n\t\t<div class=\"wp-block-themepunch-revslider\">\n\t\t\t<!-- START reseaux sociaux REVOLUTION SLIDER 6.5.14 --><p class=\"rs-p-wp-fix\"><\/p>\n\t\t\t<rs-module-wrap id=\"rev_slider_9_1_wrapper\" data-source=\"gallery\" style=\"visibility:hidden;background:transparent;padding:0;margin:0px auto;margin-top:0;margin-bottom:0;\">\n\t\t\t\t<rs-module id=\"rev_slider_9_1\" style=\"\" data-version=\"6.5.14\">\n\t\t\t\t\t<rs-slides>\n\t\t\t\t\t\t<rs-slide style=\"position: absolute;\" data-key=\"rs-23\" data-title=\"Slide\" data-anim=\"ms:0ms;\" data-in=\"o:1;y:(-100%);col:5;\">\n\t\t\t\t\t\t\t<img decoding=\"async\" src=\"\/\/www.id-graphik.com\/wp-content\/plugins\/revslider\/public\/assets\/assets\/dummy.png\" alt=\"Slide\" class=\"rev-slidebg tp-rs-img rs-lazyload\" data-lazyload=\"\/\/www.id-graphik.com\/wp-content\/plugins\/revslider\/public\/assets\/assets\/transparent.png\" data-bg=\"c:#dbcfc6;\" data-parallax=\"off\" data-no-retina>\n<!--\n\t\t\t\t\t\t\t--><rs-layer\n\t\t\t\t\t\t\t\tid=\"slider-9-slide-23-layer-1\" \n\t\t\t\t\t\t\t\tdata-type=\"text\"\n\t\t\t\t\t\t\t\tdata-rsp_ch=\"on\"\n\t\t\t\t\t\t\t\tdata-xy=\"xo:274px,157px,129px,136px;yo:11px,13px,41px,77px;\"\n\t\t\t\t\t\t\t\tdata-text=\"w:normal;s:54,54,45,29;l:77,77,64,45;fw:700;a:center;\"\n\t\t\t\t\t\t\t\tdata-dim=\"w:780px,780px,647px,478px;\"\n\t\t\t\t\t\t\t\tdata-frame_0=\"x:0,0,0px,0px;y:0,0,0px,0px;o:1;\"\n\t\t\t\t\t\t\t\tdata-frame_0_chars=\"d:5;x:105%;y:0,0,0px,0px;o:1;rY:45deg;rZ:90deg;\"\n\t\t\t\t\t\t\t\tdata-frame_0_mask=\"u:t;x:0,0,0px,0px;y:0,0,0px,0px;\"\n\t\t\t\t\t\t\t\tdata-frame_1=\"x:0,0,0px,0px;y:0,0,0px,0px;sp:1200;\"\n\t\t\t\t\t\t\t\tdata-frame_1_chars=\"e:power4.inOut;d:10;x:0,0,0px,0px;y:0,0,0px,0px;rZ:0deg;\"\n\t\t\t\t\t\t\t\tdata-frame_1_mask=\"u:t;x:0,0,0px,0px;y:0,0,0px,0px;\"\n\t\t\t\t\t\t\t\tdata-frame_999=\"o:0;st:w;sR:6400;\"\n\t\t\t\t\t\t\t\tstyle=\"z-index:9;font-family:'Cormorant Garamond';\"\n\t\t\t\t\t\t\t>R\u00e9seaux sociaux \n\t\t\t\t\t\t\t<\/rs-layer><!--\n\n\t\t\t\t\t\t\t--><rs-layer\n\t\t\t\t\t\t\t\tid=\"slider-9-slide-23-layer-4\" \n\t\t\t\t\t\t\t\tdata-type=\"image\"\n\t\t\t\t\t\t\t\tdata-rsp_ch=\"on\"\n\t\t\t\t\t\t\t\tdata-xy=\"xo:876px,726px,598px,304px;yo:25px,30px,22px,25px;\"\n\t\t\t\t\t\t\t\tdata-text=\"w:normal;\"\n\t\t\t\t\t\t\t\tdata-dim=\"w:268px,196px,184px,114px;h:134px,98px,92px,57px;\"\n\t\t\t\t\t\t\t\tdata-frame_1=\"y:-1px;\"\n\t\t\t\t\t\t\t\tdata-frame_999=\"o:0;st:w;sR:8700;\"\n\t\t\t\t\t\t\t\tdata-loop_0=\"x:-10px;\"\n\t\t\t\t\t\t\t\tdata-loop_999=\"x:10px;sp:3000;e:sine.inOut;yym:t;\"\n\t\t\t\t\t\t\t\tstyle=\"z-index:11;\"\n\t\t\t\t\t\t\t><img fetchpriority=\"high\"  alt=\"\" class=\"tp-rs-img rs-lazyload lws-optimize-lazyload\" width=\"400\" height=\"200\" data-lazyload=\"\/\/www.id-graphik.com\/wp-content\/uploads\/2023\/01\/instagram-and-facebook.png\" data-no-retina data-src=\"\/\/www.id-graphik.com\/wp-content\/plugins\/revslider\/public\/assets\/assets\/dummy.png\"> \n\t\t\t\t\t\t\t<\/rs-layer><!--\n\n\t\t\t\t\t\t\t--><rs-layer\n\t\t\t\t\t\t\t\tid=\"slider-9-slide-23-layer-8\" \n\t\t\t\t\t\t\t\tdata-type=\"image\"\n\t\t\t\t\t\t\t\tdata-rsp_ch=\"on\"\n\t\t\t\t\t\t\t\tdata-xy=\"xo:35px,-49px,-82px,-82px;yo:2px,0,0,0;\"\n\t\t\t\t\t\t\t\tdata-text=\"w:normal;\"\n\t\t\t\t\t\t\t\tdata-dim=\"w:['1024px','1024px','1024px','1024px'];h:['200px','200px','200px','200px'];\"\n\t\t\t\t\t\t\t\tdata-frame_999=\"o:0;st:w;sR:8700;\"\n\t\t\t\t\t\t\t\tstyle=\"z-index:8;\"\n\t\t\t\t\t\t\t><img  alt=\"\" class=\"tp-rs-img rs-lazyload lws-optimize-lazyload\" width=\"1024\" height=\"200\" data-lazyload=\"\/\/www.id-graphik.com\/wp-content\/uploads\/2023\/03\/bg-reseaux.jpg\" data-no-retina data-src=\"\/\/www.id-graphik.com\/wp-content\/plugins\/revslider\/public\/assets\/assets\/dummy.png\"> \n\t\t\t\t\t\t\t<\/rs-layer><!--\n\n\t\t\t\t\t\t\t--><rs-layer\n\t\t\t\t\t\t\t\tid=\"slider-9-slide-23-layer-9\" \n\t\t\t\t\t\t\t\tdata-type=\"image\"\n\t\t\t\t\t\t\t\tdata-rsp_ch=\"on\"\n\t\t\t\t\t\t\t\tdata-xy=\"xo:1144px,921px,660px,422px;yo:43px,41px,106px,32px;\"\n\t\t\t\t\t\t\t\tdata-text=\"w:normal;\"\n\t\t\t\t\t\t\t\tdata-dim=\"w:90px,69px,69px,38px;h:90px,69px,69px,38px;\"\n\t\t\t\t\t\t\t\tdata-frame_1=\"y:-1px;\"\n\t\t\t\t\t\t\t\tdata-frame_999=\"o:0;st:w;\"\n\t\t\t\t\t\t\t\tdata-loop_0=\"x:-10px;\"\n\t\t\t\t\t\t\t\tdata-loop_999=\"x:10px;sp:3000;e:sine.inOut;yym:t;\"\n\t\t\t\t\t\t\t\tstyle=\"z-index:12;\"\n\t\t\t\t\t\t\t><img  alt=\"\" class=\"tp-rs-img rs-lazyload lws-optimize-lazyload\" width=\"1280\" height=\"1280\" data-lazyload=\"\/\/www.id-graphik.com\/wp-content\/uploads\/2023\/04\/logo-tiktok.png\" data-no-retina data-src=\"\/\/www.id-graphik.com\/wp-content\/plugins\/revslider\/public\/assets\/assets\/dummy.png\"> \n\t\t\t\t\t\t\t<\/rs-layer><!--\n\n\t\t\t\t\t\t\t--><rs-layer\n\t\t\t\t\t\t\t\tid=\"slider-9-slide-23-layer-12\" \n\t\t\t\t\t\t\t\tdata-type=\"text\"\n\t\t\t\t\t\t\t\tdata-rsp_ch=\"on\"\n\t\t\t\t\t\t\t\tdata-xy=\"x:c;xo:-16px,39px,56px,135px;yo:85px,94px,120px,126px;\"\n\t\t\t\t\t\t\t\tdata-text=\"w:normal;s:20,20,16,16;l:25,25,20,20;a:center;\"\n\t\t\t\t\t\t\t\tdata-dim=\"w:361px,361px,285px,193px;\"\n\t\t\t\t\t\t\t\tdata-frame_0=\"x:0,0,0px,0px;y:0,0,0px,0px;\"\n\t\t\t\t\t\t\t\tdata-frame_1=\"x:0,0,0px,0px;y:0,0,0px,0px;st:2910;sR:2910;\"\n\t\t\t\t\t\t\t\tdata-frame_999=\"o:0;st:w;sR:5790;\"\n\t\t\t\t\t\t\t\tstyle=\"z-index:10;font-family:'Roboto';\"\n\t\t\t\t\t\t\t>D\u00e9couvrez nos solutions de cr\u00e9ation pour les r\u00e9seaux sociaux  \n\t\t\t\t\t\t\t<\/rs-layer><!--\n-->\t\t\t\t\t\t<\/rs-slide>\n\t\t\t\t\t<\/rs-slides>\n\t\t\t\t<\/rs-module>\n\t\t\t\t<script>\n\t\t\t\t\tsetREVStartSize({c: 'rev_slider_9_1',rl:[1240,1024,778,480],el:[200,200,200,200],gw:[1356,1024,778,480],gh:[200,200,200,200],type:'standard',justify:'',layout:'fullwidth',mh:\"0\"});if (window.RS_MODULES!==undefined && window.RS_MODULES.modules!==undefined && window.RS_MODULES.modules[\"revslider91\"]!==undefined) {window.RS_MODULES.modules[\"revslider91\"].once = false;window.revapi9 = undefined;if (window.RS_MODULES.checkMinimal!==undefined) window.RS_MODULES.checkMinimal()}\n\t\t\t\t<\/script>\n\t\t\t<\/rs-module-wrap>\n\t\t\t<!-- END REVOLUTION SLIDER -->\n<\/div>\n\n\t\t\t\t<\/div>\n\t\t\t\t<\/div>\n\t\t\t\t\t<\/div>\n\t\t\t\t<\/div>\n\t\t<div class=\"elementor-element elementor-element-ed37872 e-con-full e-flex wpr-particle-no wpr-jarallax-no wpr-parallax-no wpr-sticky-section-no e-con e-parent\" data-id=\"ed37872\" data-element_type=\"container\" data-settings=\"{&quot;tmea_shape_divider_top&quot;:&quot;none&quot;,&quot;tmea_shape_divider_bottom&quot;:&quot;none&quot;}\">\n\t\t<div class=\"elementor-element elementor-element-7fb403d e-con-full e-flex wpr-particle-no wpr-jarallax-no wpr-parallax-no wpr-sticky-section-no e-con e-child\" data-id=\"7fb403d\" data-element_type=\"container\" data-settings=\"{&quot;tmea_shape_divider_top&quot;:&quot;none&quot;,&quot;tmea_shape_divider_bottom&quot;:&quot;none&quot;}\">\n\t\t\t\t<div class=\"elementor-element elementor-element-06694eb elementor-widget elementor-widget-image\" data-id=\"06694eb\" data-element_type=\"widget\" data-widget_type=\"image.default\">\n\t\t\t\t<div class=\"elementor-widget-container\">\n\t\t\t<style>\/*! elementor - v3.21.0 - 26-05-2024 *\/\n.elementor-widget-image{text-align:center}.elementor-widget-image a{display:inline-block}.elementor-widget-image a img[src$=\".svg\"]{width:48px}.elementor-widget-image img{vertical-align:middle;display:inline-block}<\/style>\t\t\t\t\t\t\t\t\t\t<img loading=\"lazy\" width=\"1260\" height=\"1374\"  class=\"attachment-full size-full wp-image-7842 no-lazy lws-optimize-lazyload\" alt=\"\" \/ data-src=\"https:\/\/www.id-graphik.com\/wp-content\/uploads\/2023\/04\/medias-sociaux-smartphone-e1680772605177.jpg\">\t\t\t\t\t\t\t\t\t\t\t\t\t<\/div>\n\t\t\t\t<\/div>\n\t\t\t\t<\/div>\n\t\t<div class=\"elementor-element elementor-element-0db6d13 e-con-full e-flex wpr-particle-no wpr-jarallax-no wpr-parallax-no wpr-sticky-section-no e-con e-child\" data-id=\"0db6d13\" data-element_type=\"container\" data-settings=\"{&quot;tmea_shape_divider_top&quot;:&quot;none&quot;,&quot;tmea_shape_divider_bottom&quot;:&quot;none&quot;}\">\n\t\t\t\t<div class=\"elementor-element elementor-element-fb71769 elementor-widget elementor-widget-text-editor\" data-id=\"fb71769\" data-element_type=\"widget\" data-widget_type=\"text-editor.default\">\n\t\t\t\t<div class=\"elementor-widget-container\">\n\t\t\t<style>\/*! elementor - v3.21.0 - 26-05-2024 *\/\n.elementor-widget-text-editor.elementor-drop-cap-view-stacked .elementor-drop-cap{background-color:#69727d;color:#fff}.elementor-widget-text-editor.elementor-drop-cap-view-framed .elementor-drop-cap{color:#69727d;border:3px solid;background-color:transparent}.elementor-widget-text-editor:not(.elementor-drop-cap-view-default) .elementor-drop-cap{margin-top:8px}.elementor-widget-text-editor:not(.elementor-drop-cap-view-default) .elementor-drop-cap-letter{width:1em;height:1em}.elementor-widget-text-editor .elementor-drop-cap{float:left;text-align:center;line-height:1;font-size:50px}.elementor-widget-text-editor .elementor-drop-cap-letter{display:inline-block}<\/style>\t\t\t\t<h6 class=\"p1\" style=\"text-align: center;\"><strong><span class=\"s1\">Bienvenue sur notre site de vente de publicit\u00e9s pour les<br \/><\/span><span class=\"s1\">r\u00e9seaux sociaux Facebook et Instagram !<\/span><\/strong><\/h6><h6 class=\"p1\" style=\"text-align: center;\"><strong><span class=\"s1\">\u00a0<\/span><\/strong><\/h6><div><strong><span class=\"s1\">\u00a0<\/span><\/strong><span class=\"s1\">Nous sommes ravis de vous pr\u00e9senter notre offre exclusive qui vous permettra de booster la visibilit\u00e9 de votre entreprise et d&#8217;attirer de nouveaux clients.<\/span><\/div><p class=\"p1\" style=\"text-align: center;\"><span class=\"s1\">\u00a0<\/span><\/p><p class=\"p1\" style=\"text-align: center;\"><span class=\"s1\">En utilisant notre plateforme, vous b\u00e9n\u00e9ficierez d&#8217;un ciblage pr\u00e9cis et efficace pour toucher votre audience id\u00e9ale. <\/span><span class=\"s1\">Gr\u00e2ce \u00e0 notre expertise en mati\u00e8re de publicit\u00e9 sur les r\u00e9seaux sociaux, nous saurons adapter votre message pour maximiser son impact et susciter l&#8217;int\u00e9r\u00eat de votre audience.<\/span><\/p><p class=\"p1\" style=\"text-align: center;\"><span class=\"s1\">\u00a0<\/span><\/p><p class=\"p1\" style=\"text-align: center;\"><span class=\"s1\">Notre \u00e9quipe de professionnels est \u00e0 votre disposition pour vous accompagner tout au long du processus, de la conception de votre campagne publicitaire jusqu&#8217;\u00e0 son lancement. <\/span><span class=\"s1\">Nous sommes \u00e0 l&#8217;\u00e9coute de vos besoins et de vos objectifs pour vous proposer des solutions sur mesure qui r\u00e9pondent \u00e0 vos attentes.<\/span><\/p><p class=\"p1\" style=\"text-align: center;\"><span class=\"s1\">\u00a0<\/span><\/p><p class=\"p2\" style=\"text-align: center;\"><span class=\"s1\">En choisissant notre service de vente de publicit\u00e9s pour les r\u00e9seaux sociaux Facebook et Instagram, vous optez pour une solution efficace et rentable pour promouvoir votre entreprise.<\/span><\/p><p class=\"p2\" style=\"text-align: center;\"><span class=\"s1\">\u00a0<\/span><\/p><p class=\"p2\" style=\"text-align: center;\"><span class=\"s1\">Alors n&#8217;h\u00e9sitez plus, contactez-nous d\u00e8s maintenant pour en savoir plus sur nos offres et commencer \u00e0 booster votre visibilit\u00e9 en ligne !<\/span><\/p>\t\t\t\t\t\t<\/div>\n\t\t\t\t<\/div>\n\t\t\t\t<\/div>\n\t\t\t\t<\/div>\n\t\t<div class=\"elementor-element elementor-element-0e8ce3f e-con-full e-flex wpr-particle-no wpr-jarallax-no wpr-parallax-no wpr-sticky-section-no e-con e-parent\" data-id=\"0e8ce3f\" data-element_type=\"container\" data-settings=\"{&quot;tmea_shape_divider_top&quot;:&quot;none&quot;,&quot;tmea_shape_divider_bottom&quot;:&quot;none&quot;}\">\n\t\t<div class=\"elementor-element elementor-element-39273bd e-con-full e-flex wpr-particle-no wpr-jarallax-no wpr-parallax-no wpr-sticky-section-no e-con e-child\" data-id=\"39273bd\" data-element_type=\"container\" data-settings=\"{&quot;tmea_shape_divider_top&quot;:&quot;none&quot;,&quot;tmea_shape_divider_bottom&quot;:&quot;none&quot;}\">\n\t\t\t\t<div class=\"elementor-element elementor-element-96da2c1 elementor-widget elementor-widget-image\" data-id=\"96da2c1\" data-element_type=\"widget\" data-widget_type=\"image.default\">\n\t\t\t\t<div class=\"elementor-widget-container\">\n\t\t\t\t\t\t\t\t\t\t<figure class=\"wp-caption\">\n\t\t\t\t\t\t\t\t\t\t\t<a href=\"https:\/\/www.id-graphik.com\/produit\/visuel-facebook-ou-instagram-au-choix\/\">\n\t\t\t\t\t\t\t<img loading=\"lazy\" width=\"424\" height=\"462\"  class=\"attachment-large size-large wp-image-7842 no-lazy lws-optimize-lazyload\" alt=\"\" \/ data-src=\"https:\/\/www.id-graphik.com\/wp-content\/uploads\/2023\/04\/medias-sociaux-smartphone-e1680772605177-424x462.jpg\">\t\t\t\t\t\t\t\t<\/a>\n\t\t\t\t\t\t\t\t\t\t\t<figcaption class=\"widget-image-caption wp-caption-text\">Visuel Facebook ou Instagram au choix<\/figcaption>\n\t\t\t\t\t\t\t\t\t\t<\/figure>\n\t\t\t\t\t\t\t<\/div>\n\t\t\t\t<\/div>\n\t\t\t\t<\/div>\n\t\t<div class=\"elementor-element elementor-element-749ce8d e-con-full e-flex wpr-particle-no wpr-jarallax-no wpr-parallax-no wpr-sticky-section-no e-con e-child\" data-id=\"749ce8d\" data-element_type=\"container\" data-settings=\"{&quot;tmea_shape_divider_top&quot;:&quot;none&quot;,&quot;tmea_shape_divider_bottom&quot;:&quot;none&quot;}\">\n\t\t\t\t<div class=\"elementor-element elementor-element-9f89ade elementor-widget elementor-widget-image\" data-id=\"9f89ade\" data-element_type=\"widget\" data-widget_type=\"image.default\">\n\t\t\t\t<div class=\"elementor-widget-container\">\n\t\t\t\t\t\t\t\t\t\t<figure class=\"wp-caption\">\n\t\t\t\t\t\t\t\t\t\t\t<a href=\"https:\/\/www.id-graphik.com\/produit\/1-reseau-social-au-choix\/\">\n\t\t\t\t\t\t\t<img loading=\"lazy\" width=\"424\" height=\"462\"  class=\"attachment-large size-large wp-image-7842 no-lazy lws-optimize-lazyload\" alt=\"\" \/ data-src=\"https:\/\/www.id-graphik.com\/wp-content\/uploads\/2023\/04\/medias-sociaux-smartphone-e1680772605177-424x462.jpg\">\t\t\t\t\t\t\t\t<\/a>\n\t\t\t\t\t\t\t\t\t\t\t<figcaption class=\"widget-image-caption wp-caption-text\">Community Manager 1 r\u00e9seau social<\/figcaption>\n\t\t\t\t\t\t\t\t\t\t<\/figure>\n\t\t\t\t\t\t\t<\/div>\n\t\t\t\t<\/div>\n\t\t\t\t<\/div>\n\t\t<div class=\"elementor-element elementor-element-13a5468 e-con-full e-flex wpr-particle-no wpr-jarallax-no wpr-parallax-no wpr-sticky-section-no e-con e-child\" data-id=\"13a5468\" data-element_type=\"container\" data-settings=\"{&quot;tmea_shape_divider_top&quot;:&quot;none&quot;,&quot;tmea_shape_divider_bottom&quot;:&quot;none&quot;}\">\n\t\t\t\t<div class=\"elementor-element elementor-element-80ffec2 elementor-widget elementor-widget-image\" data-id=\"80ffec2\" data-element_type=\"widget\" data-widget_type=\"image.default\">\n\t\t\t\t<div class=\"elementor-widget-container\">\n\t\t\t\t\t\t\t\t\t\t<figure class=\"wp-caption\">\n\t\t\t\t\t\t\t\t\t\t\t<a href=\"https:\/\/www.id-graphik.com\/produit\/2-reseaux-sociaux-au-choix\/\">\n\t\t\t\t\t\t\t<img loading=\"lazy\" width=\"424\" height=\"462\"  class=\"attachment-large size-large wp-image-7842 no-lazy lws-optimize-lazyload\" alt=\"\" \/ data-src=\"https:\/\/www.id-graphik.com\/wp-content\/uploads\/2023\/04\/medias-sociaux-smartphone-e1680772605177-424x462.jpg\">\t\t\t\t\t\t\t\t<\/a>\n\t\t\t\t\t\t\t\t\t\t\t<figcaption class=\"widget-image-caption wp-caption-text\">Community Manager 2 r\u00e9seaux sociaux<\/figcaption>\n\t\t\t\t\t\t\t\t\t\t<\/figure>\n\t\t\t\t\t\t\t<\/div>\n\t\t\t\t<\/div>\n\t\t\t\t<\/div>\n\t\t<div class=\"elementor-element elementor-element-7aeaece e-con-full e-flex wpr-particle-no wpr-jarallax-no wpr-parallax-no wpr-sticky-section-no e-con e-child\" data-id=\"7aeaece\" data-element_type=\"container\" data-settings=\"{&quot;tmea_shape_divider_top&quot;:&quot;none&quot;,&quot;tmea_shape_divider_bottom&quot;:&quot;none&quot;}\">\n\t\t\t\t<div class=\"elementor-element elementor-element-ce7d11c elementor-widget elementor-widget-image\" data-id=\"ce7d11c\" data-element_type=\"widget\" data-widget_type=\"image.default\">\n\t\t\t\t<div class=\"elementor-widget-container\">\n\t\t\t\t\t\t\t\t\t\t<figure class=\"wp-caption\">\n\t\t\t\t\t\t\t\t\t\t\t<a href=\"https:\/\/www.id-graphik.com\/produit\/3-reseaux-sociaux\/\">\n\t\t\t\t\t\t\t<img loading=\"lazy\" width=\"424\" height=\"462\"  class=\"attachment-large size-large wp-image-7842 no-lazy lws-optimize-lazyload\" alt=\"\" \/ data-src=\"https:\/\/www.id-graphik.com\/wp-content\/uploads\/2023\/04\/medias-sociaux-smartphone-e1680772605177-424x462.jpg\">\t\t\t\t\t\t\t\t<\/a>\n\t\t\t\t\t\t\t\t\t\t\t<figcaption class=\"widget-image-caption wp-caption-text\">Community Manager 3 r\u00e9seaux sociaux<\/figcaption>\n\t\t\t\t\t\t\t\t\t\t<\/figure>\n\t\t\t\t\t\t\t<\/div>\n\t\t\t\t<\/div>\n\t\t\t\t<\/div>\n\t\t\t\t<\/div>\n\t\t\t\t<\/div>\n\t\t","protected":false},"excerpt":{"rendered":"<p>Bienvenue sur notre site de vente de publicit\u00e9s pour lesr\u00e9seaux sociaux Facebook et Instagram ! \u00a0 \u00a0Nous sommes ravis de vous pr\u00e9senter notre offre exclusive qui vous permettra de booster la visibilit\u00e9 de votre entreprise et d&#8217;attirer de nouveaux clients. \u00a0 En utilisant notre plateforme, vous b\u00e9n\u00e9ficierez d&#8217;un ciblage pr\u00e9cis et efficace pour toucher votre audience id\u00e9ale. Gr\u00e2ce \u00e0 notre expertise en mati\u00e8re de publicit\u00e9 sur les r\u00e9seaux sociaux, nous saurons adapter votre message pour maximiser son impact et susciter l&#8217;int\u00e9r\u00eat de votre audience. \u00a0 Notre \u00e9quipe de professionnels est \u00e0 votre disposition pour vous accompagner tout au long du processus, de la conception de votre campagne publicitaire jusqu&#8217;\u00e0 son lancement. Nous sommes \u00e0 l&#8217;\u00e9coute de vos besoins et de vos objectifs pour vous proposer des solutions sur mesure qui r\u00e9pondent \u00e0 vos attentes. \u00a0 En choisissant notre service de vente de publicit\u00e9s pour les r\u00e9seaux sociaux Facebook et Instagram, vous optez pour une solution efficace et rentable pour promouvoir votre entreprise. \u00a0 Alors n&#8217;h\u00e9sitez plus, contactez-nous d\u00e8s maintenant pour en savoir plus sur nos offres et commencer \u00e0 booster votre visibilit\u00e9 en ligne ! Visuel Facebook ou Instagram au choix Community Manager 2 r\u00e9seaux sociaux au choix<\/p>","protected":false},"author":1,"featured_media":0,"parent":0,"menu_order":0,"comment_status":"closed","ping_status":"closed","template":"redux-templates_full_width","meta":{"footnotes":""},"aioseo_notices":[],"_links":{"self":[{"href":"https:\/\/www.id-graphik.com\/en\/wp-json\/wp\/v2\/pages\/7520"}],"collection":[{"href":"https:\/\/www.id-graphik.com\/en\/wp-json\/wp\/v2\/pages"}],"about":[{"href":"https:\/\/www.id-graphik.com\/en\/wp-json\/wp\/v2\/types\/page"}],"author":[{"embeddable":true,"href":"https:\/\/www.id-graphik.com\/en\/wp-json\/wp\/v2\/users\/1"}],"replies":[{"embeddable":true,"href":"https:\/\/www.id-graphik.com\/en\/wp-json\/wp\/v2\/comments?post=7520"}],"version-history":[{"count":12,"href":"https:\/\/www.id-graphik.com\/en\/wp-json\/wp\/v2\/pages\/7520\/revisions"}],"predecessor-version":[{"id":8304,"href":"https:\/\/www.id-graphik.com\/en\/wp-json\/wp\/v2\/pages\/7520\/revisions\/8304"}],"wp:attachment":[{"href":"https:\/\/www.id-graphik.com\/en\/wp-json\/wp\/v2\/media?parent=7520"}],"curies":[{"name":"wp","href":"https:\/\/api.w.org\/{rel}","templated":true}]}}