{"id":8172,"date":"2024-02-10T10:35:34","date_gmt":"2024-02-10T09:35:34","guid":{"rendered":"https:\/\/www.id-graphik.com\/?page_id=8172"},"modified":"2024-02-12T18:46:22","modified_gmt":"2024-02-12T17:46:22","slug":"video","status":"publish","type":"page","link":"https:\/\/www.id-graphik.com\/en\/video\/","title":{"rendered":"Vid\u00e9o"},"content":{"rendered":"\t\t<div data-elementor-type=\"wp-page\" data-elementor-id=\"8172\" class=\"elementor elementor-8172\">\n\t\t\t\t<div class=\"elementor-element elementor-element-813d503 e-con-full e-flex wpr-particle-no wpr-jarallax-no wpr-parallax-no wpr-sticky-section-no e-con e-parent\" data-id=\"813d503\" data-element_type=\"container\" data-settings=\"{&quot;tmea_shape_divider_top&quot;:&quot;none&quot;,&quot;tmea_shape_divider_bottom&quot;:&quot;none&quot;}\">\n\t\t<div class=\"elementor-element elementor-element-c114a13 e-flex e-con-boxed wpr-particle-no wpr-jarallax-no wpr-parallax-no wpr-sticky-section-no e-con e-child\" data-id=\"c114a13\" data-element_type=\"container\" data-settings=\"{&quot;tmea_shape_divider_top&quot;:&quot;none&quot;,&quot;tmea_shape_divider_bottom&quot;:&quot;none&quot;}\">\n\t\t\t\t\t<div class=\"e-con-inner\">\n\t\t\n\t\t<div class=\"elementor-element elementor-element-87815f4 elementor-widget elementor-widget-heading\" data-id=\"87815f4\" data-element_type=\"widget\" data-widget_type=\"heading.default\">\n\t\t\t\t<div class=\"elementor-widget-container\">\n\t\t\t<style>\/*! elementor - v3.21.0 - 26-05-2024 *\/\n.elementor-heading-title{padding:0;margin:0;line-height:1}.elementor-widget-heading .elementor-heading-title[class*=elementor-size-]>a{color:inherit;font-size:inherit;line-height:inherit}.elementor-widget-heading .elementor-heading-title.elementor-size-small{font-size:15px}.elementor-widget-heading .elementor-heading-title.elementor-size-medium{font-size:19px}.elementor-widget-heading .elementor-heading-title.elementor-size-large{font-size:29px}.elementor-widget-heading .elementor-heading-title.elementor-size-xl{font-size:39px}.elementor-widget-heading .elementor-heading-title.elementor-size-xxl{font-size:59px}<\/style><h2 class=\"elementor-heading-title elementor-size-default\"><a href=\"#devis\">Des vid\u00e9os sur mesure pour votre entreprise. Un devis ?\ud83d\udc47<\/a><\/h2>\t\t<\/div>\n\t\t\t\t<\/div>\n\t\t\t\t\t<\/div>\n\t\t\t\t<\/div>\n\t\t\t\t<\/div>\n\t\t<div class=\"elementor-element elementor-element-82db488 e-con-full e-flex wpr-particle-no wpr-jarallax-no wpr-parallax-no wpr-sticky-section-no e-con e-parent\" data-id=\"82db488\" data-element_type=\"container\" data-settings=\"{&quot;tmea_shape_divider_top&quot;:&quot;none&quot;,&quot;tmea_shape_divider_bottom&quot;:&quot;none&quot;}\">\n\t\t\t\t<div class=\"elementor-element elementor-element-1c70f6a elementor-widget elementor-widget-video\" data-id=\"1c70f6a\" data-element_type=\"widget\" data-settings=\"{&quot;video_type&quot;:&quot;hosted&quot;,&quot;autoplay&quot;:&quot;yes&quot;,&quot;play_on_mobile&quot;:&quot;yes&quot;,&quot;controls&quot;:&quot;yes&quot;}\" data-widget_type=\"video.default\">\n\t\t\t\t<div class=\"elementor-widget-container\">\n\t\t\t<style>\/*! elementor - v3.21.0 - 26-05-2024 *\/\n.elementor-widget-video .elementor-widget-container{overflow:hidden;transform:translateZ(0)}.elementor-widget-video .elementor-wrapper{aspect-ratio:var(--video-aspect-ratio)}.elementor-widget-video .elementor-wrapper iframe,.elementor-widget-video .elementor-wrapper video{height:100%;width:100%;display:flex;border:none;background-color:#000}@supports not (aspect-ratio:1\/1){.elementor-widget-video .elementor-wrapper{position:relative;overflow:hidden;height:0;padding-bottom:calc(100% \/ var(--video-aspect-ratio))}.elementor-widget-video .elementor-wrapper iframe,.elementor-widget-video .elementor-wrapper video{position:absolute;top:0;right:0;bottom:0;left:0}}.elementor-widget-video .elementor-open-inline .elementor-custom-embed-image-overlay{position:absolute;top:0;right:0;bottom:0;left:0;background-size:cover;background-position:50%}.elementor-widget-video .elementor-custom-embed-image-overlay{cursor:pointer;text-align:center}.elementor-widget-video .elementor-custom-embed-image-overlay:hover .elementor-custom-embed-play i{opacity:1}.elementor-widget-video .elementor-custom-embed-image-overlay img{display:block;width:100%;aspect-ratio:var(--video-aspect-ratio);-o-object-fit:cover;object-fit:cover;-o-object-position:center center;object-position:center center}@supports not (aspect-ratio:1\/1){.elementor-widget-video .elementor-custom-embed-image-overlay{position:relative;overflow:hidden;height:0;padding-bottom:calc(100% \/ var(--video-aspect-ratio))}.elementor-widget-video .elementor-custom-embed-image-overlay img{position:absolute;top:0;right:0;bottom:0;left:0}}.elementor-widget-video .e-hosted-video .elementor-video{-o-object-fit:cover;object-fit:cover}.e-con-inner>.elementor-widget-video,.e-con>.elementor-widget-video{width:var(--container-widget-width);--flex-grow:var(--container-widget-flex-grow)}<\/style>\t\t<div class=\"e-hosted-video elementor-wrapper elementor-open-inline\">\n\t\t\t\t\t<video class=\"elementor-video lws-optimize-lazyload\" src=\"https:\/\/www.id-graphik.com\/wp-content\/uploads\/2024\/02\/video-video-1.mp4\" autoplay=\"\" controls=\"\" playsinline=\"\" controlsList=\"nodownload\"><\/video>\n\t\t\t\t<\/div>\n\t\t\t\t<\/div>\n\t\t\t\t<\/div>\n\t\t\t\t<\/div>\n\t\t<div class=\"elementor-element elementor-element-52d3770 e-con-full e-flex wpr-particle-no wpr-jarallax-no wpr-parallax-no wpr-sticky-section-no e-con e-parent\" data-id=\"52d3770\" data-element_type=\"container\" data-settings=\"{&quot;tmea_shape_divider_top&quot;:&quot;none&quot;,&quot;tmea_shape_divider_bottom&quot;:&quot;none&quot;}\">\n\t\t<div class=\"elementor-element elementor-element-fe9694a e-con-full e-flex wpr-particle-no wpr-jarallax-no wpr-parallax-no wpr-sticky-section-no e-con e-child\" data-id=\"fe9694a\" data-element_type=\"container\" data-settings=\"{&quot;tmea_shape_divider_top&quot;:&quot;none&quot;,&quot;tmea_shape_divider_bottom&quot;:&quot;none&quot;}\">\n\t\t\t\t<div class=\"elementor-element elementor-element-9ab79bb elementor-widget__width-inherit elementor-widget elementor-widget-video\" data-id=\"9ab79bb\" data-element_type=\"widget\" data-settings=\"{&quot;video_type&quot;:&quot;hosted&quot;,&quot;autoplay&quot;:&quot;yes&quot;,&quot;play_on_mobile&quot;:&quot;yes&quot;,&quot;controls&quot;:&quot;yes&quot;}\" data-widget_type=\"video.default\">\n\t\t\t\t<div class=\"elementor-widget-container\">\n\t\t\t\t\t<div class=\"e-hosted-video elementor-wrapper elementor-open-inline\">\n\t\t\t\t\t<video class=\"elementor-video lws-optimize-lazyload\" src=\"https:\/\/www.id-graphik.com\/wp-content\/uploads\/2023\/02\/slide-1.mp4\" autoplay=\"\" controls=\"\" playsinline=\"\" controlsList=\"nodownload\"><\/video>\n\t\t\t\t<\/div>\n\t\t\t\t<\/div>\n\t\t\t\t<\/div>\n\t\t\t\t<div class=\"elementor-element elementor-element-1e366c5 elementor-widget elementor-widget-menu-anchor\" data-id=\"1e366c5\" data-element_type=\"widget\" data-widget_type=\"menu-anchor.default\">\n\t\t\t\t<div class=\"elementor-widget-container\">\n\t\t\t<style>\/*! elementor - v3.21.0 - 26-05-2024 *\/\nbody.elementor-page .elementor-widget-menu-anchor{margin-bottom:0}<\/style>\t\t<div class=\"elementor-menu-anchor\" id=\"devis\"><\/div>\n\t\t\t\t<\/div>\n\t\t\t\t<\/div>\n\t\t\t\t<\/div>\n\t\t\t\t<\/div>\n\t\t<div class=\"elementor-element elementor-element-64bd542 e-flex e-con-boxed wpr-particle-no wpr-jarallax-no wpr-parallax-no wpr-sticky-section-no e-con e-parent\" data-id=\"64bd542\" data-element_type=\"container\" data-settings=\"{&quot;tmea_shape_divider_top&quot;:&quot;none&quot;,&quot;tmea_shape_divider_bottom&quot;:&quot;none&quot;}\">\n\t\t\t\t\t<div class=\"e-con-inner\">\n\t\t\t\t<div class=\"elementor-element elementor-element-0094f58 elementor-widget elementor-widget-wpforms\" data-id=\"0094f58\" data-element_type=\"widget\" data-widget_type=\"wpforms.default\">\n\t\t\t\t<div class=\"elementor-widget-container\">\n\t\t\t<div class=\"wpforms-container wpforms-container-full\" id=\"wpforms-8135\"><form id=\"wpforms-form-8135\" class=\"wpforms-validate wpforms-form wpforms-ajax-form\" data-formid=\"8135\" method=\"post\" enctype=\"multipart\/form-data\" action=\"\/en\/wp-json\/wp\/v2\/pages\/8172\" data-token=\"47ddff4ab770efd723dc77225a7cd110\" data-token-time=\"1776376438\"><noscript class=\"wpforms-error-noscript\">Please enable JavaScript in your browser to complete this form.<\/noscript><div class=\"wpforms-field-container\"><div id=\"wpforms-8135-field_0-container\" class=\"wpforms-field wpforms-field-name\" data-field-id=\"0\"><label class=\"wpforms-field-label\" for=\"wpforms-8135-field_0\">Votre nom et pr\u00e9nom \/ Nom de l&#039;entreprise <span class=\"wpforms-required-label\">*<\/span><\/label><input type=\"text\" id=\"wpforms-8135-field_0\" class=\"wpforms-field-medium wpforms-field-required\" name=\"wpforms[fields][0]\" required><\/div><div id=\"wpforms-8135-field_6-container\" class=\"wpforms-field wpforms-field-text\" data-field-id=\"6\"><label class=\"wpforms-field-label\" for=\"wpforms-8135-field_6\">Votre num\u00e9ro de t\u00e9l\u00e9phone <span class=\"wpforms-required-label\">*<\/span><\/label><input type=\"text\" id=\"wpforms-8135-field_6\" class=\"wpforms-field-medium wpforms-field-required\" name=\"wpforms[fields][6]\" required><\/div><div id=\"wpforms-8135-field_7-container\" class=\"wpforms-field wpforms-field-text\" data-field-id=\"7\"><label class=\"wpforms-field-label\" for=\"wpforms-8135-field_7\">Votre domaine d&#039;activit\u00e9<\/label><input type=\"text\" id=\"wpforms-8135-field_7\" class=\"wpforms-field-medium\" name=\"wpforms[fields][7]\" ><\/div><div id=\"wpforms-8135-field_1-container\" class=\"wpforms-field wpforms-field-email\" data-field-id=\"1\"><label class=\"wpforms-field-label\" for=\"wpforms-8135-field_1\">Email <span class=\"wpforms-required-label\">*<\/span><\/label><input type=\"email\" id=\"wpforms-8135-field_1\" class=\"wpforms-field-medium wpforms-field-required\" name=\"wpforms[fields][1]\" spellcheck=\"false\" required><\/div><div id=\"wpforms-8135-field_5-container\" class=\"wpforms-field wpforms-field-checkbox wpforms-list-inline\" data-field-id=\"5\"><label class=\"wpforms-field-label\">Vous souhaitez un devis pour : <span class=\"wpforms-required-label\">*<\/span><\/label><ul id=\"wpforms-8135-field_5\" class=\"wpforms-field-required\"><li class=\"choice-1 depth-1\"><input type=\"checkbox\" id=\"wpforms-8135-field_5_1\" name=\"wpforms[fields][5][]\" value=\"Site internet\" required ><label class=\"wpforms-field-label-inline\" for=\"wpforms-8135-field_5_1\">Site internet<\/label><\/li><li class=\"choice-7 depth-1\"><input type=\"checkbox\" id=\"wpforms-8135-field_5_7\" name=\"wpforms[fields][5][]\" value=\"Flyers\" required ><label class=\"wpforms-field-label-inline\" for=\"wpforms-8135-field_5_7\">Flyers<\/label><\/li><li class=\"choice-2 depth-1\"><input type=\"checkbox\" id=\"wpforms-8135-field_5_2\" name=\"wpforms[fields][5][]\" value=\"Affiche\" required ><label class=\"wpforms-field-label-inline\" for=\"wpforms-8135-field_5_2\">Affiche<\/label><\/li><li class=\"choice-3 depth-1\"><input type=\"checkbox\" id=\"wpforms-8135-field_5_3\" name=\"wpforms[fields][5][]\" value=\"Logo\" required ><label class=\"wpforms-field-label-inline\" for=\"wpforms-8135-field_5_3\">Logo<\/label><\/li><li class=\"choice-4 depth-1\"><input type=\"checkbox\" id=\"wpforms-8135-field_5_4\" name=\"wpforms[fields][5][]\" value=\"D\u00e9pliant\" required ><label class=\"wpforms-field-label-inline\" for=\"wpforms-8135-field_5_4\">D\u00e9pliant<\/label><\/li><li class=\"choice-5 depth-1\"><input type=\"checkbox\" id=\"wpforms-8135-field_5_5\" name=\"wpforms[fields][5][]\" value=\"Carte de visite\" required ><label class=\"wpforms-field-label-inline\" for=\"wpforms-8135-field_5_5\">Carte de visite<\/label><\/li><li class=\"choice-8 depth-1\"><input type=\"checkbox\" id=\"wpforms-8135-field_5_8\" name=\"wpforms[fields][5][]\" value=\"R\u00e9seaux sociaux\" required ><label class=\"wpforms-field-label-inline\" for=\"wpforms-8135-field_5_8\">R\u00e9seaux sociaux<\/label><\/li><li class=\"choice-10 depth-1\"><input type=\"checkbox\" id=\"wpforms-8135-field_5_10\" name=\"wpforms[fields][5][]\" value=\"video\" required ><label class=\"wpforms-field-label-inline\" for=\"wpforms-8135-field_5_10\">video<\/label><\/li><li class=\"choice-6 depth-1\"><input type=\"checkbox\" id=\"wpforms-8135-field_5_6\" name=\"wpforms[fields][5][]\" value=\"Autres\" required ><label class=\"wpforms-field-label-inline\" for=\"wpforms-8135-field_5_6\">Autres<\/label><\/li><\/ul><\/div><div id=\"wpforms-8135-field_2-container\" class=\"wpforms-field wpforms-field-textarea\" data-field-id=\"2\"><label class=\"wpforms-field-label\" for=\"wpforms-8135-field_2\">Pr\u00e9sentation de votre projet ( formats, quantit\u00e9s, id\u00e9es principales, etc...) Merci de d\u00e9tailler votre projet autant que possible afin que je puisse vous \u00e9tablir un devis pr\u00e9cis. <span class=\"wpforms-required-label\">*<\/span><\/label><textarea id=\"wpforms-8135-field_2\" class=\"wpforms-field-medium wpforms-field-required\" name=\"wpforms[fields][2]\" required><\/textarea><\/div><\/div><!-- .wpforms-field-container --><div class=\"wpforms-recaptcha-container wpforms-is-recaptcha wpforms-is-recaptcha-type-v2\" ><div class=\"g-recaptcha\" data-sitekey=\"6LeWcU0hAAAAAJy4jyONyz_9jL2n_d1UDAdh9bfT\"><\/div><input type=\"text\" name=\"g-recaptcha-hidden\" class=\"wpforms-recaptcha-hidden\" style=\"position:absolute!important;clip:rect(0,0,0,0)!important;height:1px!important;width:1px!important;border:0!important;overflow:hidden!important;padding:0!important;margin:0!important;\" data-rule-recaptcha=\"1\"><\/div><div class=\"wpforms-submit-container\" ><input type=\"hidden\" name=\"wpforms[id]\" value=\"8135\"><input type=\"hidden\" name=\"page_title\" value=\"\"><input type=\"hidden\" name=\"page_url\" value=\"https:\/\/www.id-graphik.com\/en\/wp-json\/wp\/v2\/pages\/8172\"><input type=\"hidden\" name=\"url_referer\" value=\"\"><button type=\"submit\" name=\"wpforms[submit]\" id=\"wpforms-submit-8135\" class=\"wpforms-submit\" data-alt-text=\"Sending...\" data-submit-text=\"Envoyer\" aria-live=\"assertive\" value=\"wpforms-submit\">Envoyer<\/button><img  class=\"wpforms-submit-spinner lws-optimize-lazyload\" style=\"display: none;\" width=\"26\" height=\"26\" alt=\"Loading\" data-src=\"https:\/\/www.id-graphik.com\/wp-content\/plugins\/wpforms-lite\/assets\/images\/submit-spin.svg\"><\/div><\/form><\/div>  <!-- .wpforms-container -->\t\t<\/div>\n\t\t\t\t<\/div>\n\t\t\t\t\t<\/div>\n\t\t\t\t<\/div>\n\t\t\t\t<\/div>\n\t\t","protected":false},"excerpt":{"rendered":"<p>Des vid\u00e9os sur mesure pour votre entreprise. Un devis ?\ud83d\udc47 https:\/\/www.id-graphik.com\/wp-content\/uploads\/2024\/02\/video-video-1.mp4https:\/\/www.id-graphik.com\/wp-content\/uploads\/2023\/02\/slide-1.mp4 Veuillez activer JavaScript dans votre navigateur pour remplir ce formulaire.Votre nom et pr\u00e9nom \/ Nom de l&#8217;entreprise *Votre num\u00e9ro de t\u00e9l\u00e9phone *Votre domaine d&#8217;activit\u00e9Email *Vous souhaitez un devis pour : * Site internet Flyers Affiche Logo D\u00e9pliant Carte de visite R\u00e9seaux sociaux video Autres Pr\u00e9sentation de votre projet ( formats, quantit\u00e9s, id\u00e9es principales, etc&#8230;) Merci de d\u00e9tailler votre projet autant que possible afin que je puisse vous \u00e9tablir un devis pr\u00e9cis. * Envoyer<\/p>","protected":false},"author":1,"featured_media":0,"parent":0,"menu_order":0,"comment_status":"closed","ping_status":"closed","template":"elementor_header_footer","meta":{"footnotes":""},"aioseo_notices":[],"_links":{"self":[{"href":"https:\/\/www.id-graphik.com\/en\/wp-json\/wp\/v2\/pages\/8172"}],"collection":[{"href":"https:\/\/www.id-graphik.com\/en\/wp-json\/wp\/v2\/pages"}],"about":[{"href":"https:\/\/www.id-graphik.com\/en\/wp-json\/wp\/v2\/types\/page"}],"author":[{"embeddable":true,"href":"https:\/\/www.id-graphik.com\/en\/wp-json\/wp\/v2\/users\/1"}],"replies":[{"embeddable":true,"href":"https:\/\/www.id-graphik.com\/en\/wp-json\/wp\/v2\/comments?post=8172"}],"version-history":[{"count":0,"href":"https:\/\/www.id-graphik.com\/en\/wp-json\/wp\/v2\/pages\/8172\/revisions"}],"wp:attachment":[{"href":"https:\/\/www.id-graphik.com\/en\/wp-json\/wp\/v2\/media?parent=8172"}],"curies":[{"name":"wp","href":"https:\/\/api.w.org\/{rel}","templated":true}]}}