{"id":7993,"date":"2023-04-29T14:15:30","date_gmt":"2023-04-29T12:15:30","guid":{"rendered":"https:\/\/www.id-graphik.com\/?post_type=product&#038;p=7993"},"modified":"2023-05-03T08:56:15","modified_gmt":"2023-05-03T06:56:15","slug":"visuel-facebook-ou-instagram-au-choix","status":"publish","type":"product","link":"https:\/\/www.id-graphik.com\/en\/product\/visuel-facebook-ou-instagram-au-choix\/","title":{"rendered":"Visuel Facebook ou Instagram au choix"},"content":{"rendered":"<p><strong>Vous manquez de temps pour cr\u00e9er des visuels ou designs pour vos r\u00e9seaux sociaux, ou bien vous manquez tout simplement d&#8217;inspiration ?<\/strong><\/p>\n<p>Pas de souci ! Je peux m&#8217;en charger pour vous. Il vous suffit de me communiquer le format souhait\u00e9 (Facebook, Instagram), de me transmettre votre charte graphique, l&#8217;adresse de votre site (si vous en avez un), vos photos (si n\u00e9cessaire) et les th\u00e9matiques que vous souhaitez aborder. Je m&#8217;occuperai du reste !<\/p>\n<p>&nbsp;<\/p>\n<p>N&#8217;h\u00e9sitez pas \u00e0 me contacter si vous avez besoin d&#8217;un nombre de visuels pr\u00e9cis !<\/p>\n<p><a href=\"https:\/\/www.id-graphik.com\/en\/contact-us\/\"><img class=\"alignnone wp-image-7588 size-full lws-optimize-lazyload\"  alt=\"\" width=\"327\" height=\"126\" ><\/a><\/p>","protected":false},"excerpt":{"rendered":"<p>Vous manquez de temps pour cr\u00e9er des visuels ou designs pour vos r\u00e9seaux sociaux, ou bien vous manquez tout simplement d&#8217;inspiration ? Pas de souci ! Je peux m&#8217;en charger pour vous. Il vous suffit de me communiquer le format souhait\u00e9 (Facebook, Instagram), de me transmettre votre charte graphique, l&#8217;adresse de votre site (si vous en avez un), vos photos (si n\u00e9cessaire) et les th\u00e9matiques que vous souhaitez aborder. Je m&#8217;occuperai du reste ! &nbsp; N&#8217;h\u00e9sitez pas \u00e0 me contacter si vous avez besoin d&#8217;un nombre de visuels pr\u00e9cis !<\/p>","protected":false},"featured_media":7842,"template":"","meta":[],"product_cat":[122,120],"product_tag":[],"aioseo_notices":[],"_links":{"self":[{"href":"https:\/\/www.id-graphik.com\/en\/wp-json\/wp\/v2\/product\/7993"}],"collection":[{"href":"https:\/\/www.id-graphik.com\/en\/wp-json\/wp\/v2\/product"}],"about":[{"href":"https:\/\/www.id-graphik.com\/en\/wp-json\/wp\/v2\/types\/product"}],"wp:featuredmedia":[{"embeddable":true,"href":"https:\/\/www.id-graphik.com\/en\/wp-json\/wp\/v2\/media\/7842"}],"wp:attachment":[{"href":"https:\/\/www.id-graphik.com\/en\/wp-json\/wp\/v2\/media?parent=7993"}],"wp:term":[{"taxonomy":"product_cat","embeddable":true,"href":"https:\/\/www.id-graphik.com\/en\/wp-json\/wp\/v2\/product_cat?post=7993"},{"taxonomy":"product_tag","embeddable":true,"href":"https:\/\/www.id-graphik.com\/en\/wp-json\/wp\/v2\/product_tag?post=7993"}],"curies":[{"name":"wp","href":"https:\/\/api.w.org\/{rel}","templated":true}]}}